{"id":419,"date":"2023-04-05T12:18:56","date_gmt":"2023-04-05T10:18:56","guid":{"rendered":"https:\/\/h5-innsbruck.at\/imprint\/"},"modified":"2026-02-26T10:27:57","modified_gmt":"2026-02-26T09:27:57","slug":"imprint","status":"publish","type":"page","link":"https:\/\/h5-innsbruck.at\/en\/imprint\/","title":{"rendered":"Imprint"},"content":{"rendered":"<section class=\"wpb-content-wrapper\"><p>[vc_row][vc_column css=&#8221;.vc_custom_1680512241195{margin-top: -30px !important;}&#8221; responsive_css=&#8221;margin_top_large:-80px&#8221;]\n\t\t\t<!-- START Startseite REVOLUTION SLIDER 6.6.8 --><p class=\"rs-p-wp-fix\"><\/p>\n\t\t\t<rs-module-wrap id=\"rev_slider_2_1_wrapper\" data-source=\"gallery\" style=\"visibility:hidden;background:transparent;padding:0;margin:0px auto;margin-top:0;margin-bottom:0;\">\n\t\t\t\t<rs-module id=\"rev_slider_2_1\" style=\"\" data-version=\"6.6.8\">\n\t\t\t\t\t<rs-slides style=\"overflow: hidden; position: absolute;\">\n\t\t\t\t\t\t<rs-slide style=\"position: absolute;\" data-key=\"rs-4\" data-title=\"Slide\" data-in=\"o:0;\" data-out=\"a:false;\">\n\t\t\t\t\t\t\t<img decoding=\"async\" src=\"\/\/h5-innsbruck.at\/wp-content\/plugins\/revslider\/public\/assets\/assets\/dummy.png\" alt=\"\" title=\"H542_1\" width=\"2560\" height=\"1707\" class=\"rev-slidebg tp-rs-img rs-lazyload\" data-lazyload=\"\/\/h5-innsbruck.at\/wp-content\/uploads\/2023\/08\/H542_1-scaled.jpg\" data-bg=\"p:0% 40%;\" data-no-retina>\n<!--\n\t\t\t\t\t\t\t--><rs-layer\n\t\t\t\t\t\t\t\tid=\"slider-2-slide-4-layer-9\" \n\t\t\t\t\t\t\t\tdata-type=\"shape\"\n\t\t\t\t\t\t\t\tdata-rsp_ch=\"on\"\n\t\t\t\t\t\t\t\tdata-text=\"w:normal;\"\n\t\t\t\t\t\t\t\tdata-dim=\"w:100%;h:200px;\"\n\t\t\t\t\t\t\t\tdata-basealign=\"slide\"\n\t\t\t\t\t\t\t\tdata-frame_999=\"o:0;st:w;\"\n\t\t\t\t\t\t\t\tstyle=\"z-index:6;background:linear-gradient(0deg, rgba(12,12,12,0) 0%, rgba(12,12,12,0.8) 100%);\"\n\t\t\t\t\t\t\t> \n\t\t\t\t\t\t\t<\/rs-layer><!--\n-->\t\t\t\t\t\t<\/rs-slide>\n\t\t\t\t\t\t<rs-slide style=\"position: absolute;\" data-key=\"rs-9\" data-title=\"Slide\" data-in=\"o:0;\" data-out=\"a:false;\">\n\t\t\t\t\t\t\t<img decoding=\"async\" src=\"\/\/h5-innsbruck.at\/wp-content\/plugins\/revslider\/public\/assets\/assets\/dummy.png\" alt=\"Zwei Personen genie\u00dfen den Innenpool des Wellnessbereichs im Partnerhotel Grauer B\u00e4r Innsbruck bei Buchung der H5 Studios.\" title=\"20250319-Original_ohne_Grain-_N3A9402-\u00a9Roman-Huber\" width=\"1920\" height=\"1281\" class=\"rev-slidebg tp-rs-img rs-lazyload\" data-lazyload=\"\/\/h5-innsbruck.at\/wp-content\/uploads\/2025\/05\/20250319-Original_ohne_Grain-_N3A9402-\u00a9Roman-Huber.jpg\" data-bg=\"p:0% 60%;\" data-no-retina>\n<!--\n\t\t\t\t\t\t\t--><rs-layer\n\t\t\t\t\t\t\t\tid=\"slider-2-slide-9-layer-9\" \n\t\t\t\t\t\t\t\tdata-type=\"shape\"\n\t\t\t\t\t\t\t\tdata-rsp_ch=\"on\"\n\t\t\t\t\t\t\t\tdata-text=\"w:normal;\"\n\t\t\t\t\t\t\t\tdata-dim=\"w:100%;h:200px;\"\n\t\t\t\t\t\t\t\tdata-basealign=\"slide\"\n\t\t\t\t\t\t\t\tdata-frame_999=\"o:0;st:w;\"\n\t\t\t\t\t\t\t\tstyle=\"z-index:6;background:linear-gradient(0deg, rgba(12,12,12,0) 0%, rgba(12,12,12,0.8) 100%);\"\n\t\t\t\t\t\t\t> \n\t\t\t\t\t\t\t<\/rs-layer><!--\n-->\t\t\t\t\t\t<\/rs-slide>\n\t\t\t\t\t\t<rs-slide style=\"position: absolute;\" data-key=\"rs-10\" data-title=\"Slide\" data-in=\"o:0;\" data-out=\"a:false;\">\n\t\t\t\t\t\t\t<img decoding=\"async\" src=\"\/\/h5-innsbruck.at\/wp-content\/plugins\/revslider\/public\/assets\/assets\/dummy.png\" alt=\"\" title=\"H552_9\" width=\"2000\" height=\"1333\" class=\"rev-slidebg tp-rs-img rs-lazyload\" data-lazyload=\"\/\/h5-innsbruck.at\/wp-content\/uploads\/2023\/12\/H552_9.jpg\" data-bg=\"p:0% 55%;\" data-no-retina>\n<!--\n\t\t\t\t\t\t\t--><rs-layer\n\t\t\t\t\t\t\t\tid=\"slider-2-slide-10-layer-9\" \n\t\t\t\t\t\t\t\tdata-type=\"shape\"\n\t\t\t\t\t\t\t\tdata-rsp_ch=\"on\"\n\t\t\t\t\t\t\t\tdata-text=\"w:normal;\"\n\t\t\t\t\t\t\t\tdata-dim=\"w:100%;h:200px;\"\n\t\t\t\t\t\t\t\tdata-basealign=\"slide\"\n\t\t\t\t\t\t\t\tdata-frame_999=\"o:0;st:w;\"\n\t\t\t\t\t\t\t\tstyle=\"z-index:6;background:linear-gradient(0deg, rgba(12,12,12,0) 0%, rgba(12,12,12,0.8) 100%);\"\n\t\t\t\t\t\t\t> \n\t\t\t\t\t\t\t<\/rs-layer><!--\n-->\t\t\t\t\t\t<\/rs-slide>\n\t\t\t\t\t\t<rs-slide style=\"position: absolute;\" data-key=\"rs-8\" data-title=\"Slide\" data-in=\"o:0;\" data-out=\"a:false;\">\n\t\t\t\t\t\t\t<img decoding=\"async\" src=\"\/\/h5-innsbruck.at\/wp-content\/plugins\/revslider\/public\/assets\/assets\/dummy.png\" alt=\"Blick \u00fcber Innsbruck zum Sonnenuntergang\" title=\"2024_0223\" width=\"2560\" height=\"1707\" class=\"rev-slidebg tp-rs-img rs-lazyload\" data-lazyload=\"\/\/h5-innsbruck.at\/wp-content\/uploads\/2025\/05\/2024_0223-scaled.jpeg\" data-no-retina>\n<!--\n\t\t\t\t\t\t\t--><rs-layer\n\t\t\t\t\t\t\t\tid=\"slider-2-slide-8-layer-9\" \n\t\t\t\t\t\t\t\tdata-type=\"shape\"\n\t\t\t\t\t\t\t\tdata-rsp_ch=\"on\"\n\t\t\t\t\t\t\t\tdata-text=\"w:normal;\"\n\t\t\t\t\t\t\t\tdata-dim=\"w:100%;h:200px;\"\n\t\t\t\t\t\t\t\tdata-basealign=\"slide\"\n\t\t\t\t\t\t\t\tdata-frame_999=\"o:0;st:w;\"\n\t\t\t\t\t\t\t\tstyle=\"z-index:6;background:linear-gradient(0deg, rgba(12,12,12,0) 0%, rgba(12,12,12,0.8) 100%);\"\n\t\t\t\t\t\t\t> \n\t\t\t\t\t\t\t<\/rs-layer><!--\n-->\t\t\t\t\t\t<\/rs-slide>\n\t\t\t\t\t<\/rs-slides>\n\t\t\t\t<\/rs-module>\n\t\t\t\t<script>\n\t\t\t\t\tsetREVStartSize({c: 'rev_slider_2_1',rl:[1240,1024,778,480],el:[600],gw:[1240],gh:[600],type:'standard',justify:'',layout:'fullwidth',mh:\"0\"});if (window.RS_MODULES!==undefined && window.RS_MODULES.modules!==undefined && window.RS_MODULES.modules[\"revslider21\"]!==undefined) {window.RS_MODULES.modules[\"revslider21\"].once = false;window.revapi2 = undefined;if (window.RS_MODULES.checkMinimal!==undefined) window.RS_MODULES.checkMinimal()}\n\t\t\t\t<\/script>\n\t\t\t<\/rs-module-wrap>\n\t\t\t<!-- END REVOLUTION SLIDER -->\n[\/vc_column][\/vc_row][vc_row][vc_column]<div class=\"templatera_shortcode\"><style type=\"text\/css\" data-type=\"vc_shortcodes-custom-css\">.vc_custom_1687754201366{margin-top: -80px !important;padding-top: 30px !important;padding-right: 30px !important;padding-bottom: 30px !important;padding-left: 30px !important;background-color: #ffffff !important;}<\/style><section class=\"vc_section indexer\"><section class=\"vc_row wpb_row vc_row-fluid buchung liquid-row-shadowbox-69f92223dd7dd\"><div class=\"ld-container container\"><div class=\"row ld-row\"><style>.liquid-column-69f92223e5214 > .vc_column-inner > .wpb_wrapper { box-shadow:0px 0px 15px 0px rgba(0, 0, 0, 0.1)};<\/style><div class=\"wpb_column vc_column_container vc_col-sm-12 liquid-column-69f92223e5214 vc_col-has-fill\"><div class=\"vc_column-inner\"><div class=\"wpb_wrapper vc_custom_1687754201366\"   ><div class=\"wpb_wrapper-inner\">\n\t<div class=\"wpb_text_column wpb_content_element \" >\n\t\t<div class=\"wpb_wrapper\">\n\t\t\t<!DOCTYPE html>\r\n\r\n<html lang=\"de\" xmlns=\"http:\/\/www.w3.org\/1999\/xhtml\">\r\n<head>\r\n    <meta charset=\"utf-8\" \/>\r\n    <link href=\"http:\/\/api.direct-reservation.net\/search\/1.3\/jquery.addajet.search.min.css\" rel=\"stylesheet\" \/>\r\n\r\n    <!-- <script src=\"http:\/\/api.direct-reservation.net\/search\/1.3\/jquery.addajet.search.min.js\"><\/script> -->\r\n\t<script src=\"\/wp-content\/themes\/ave-child\/addajet.js\"><\/script>\r\n<\/head>\r\n<body data-rsssl=1>\r\n    <div style=\"width: 100%;\">\r\n        <div id=\"addaJetSearchBox\"><\/div>\r\n    <\/div>\r\n    <script>\r\n\t\t\r\n\t\t\r\n        jQuery(document).ready(function ($) {\r\n            $(\"#addaJetSearchBox\").search({\r\n                websiteID: 1549,\r\n                combinations: [\r\n                    \"accommodation\"\r\n                ],\t\t\t\t\r\n\t\t\t\tsettings: {\r\n\t\t\t\t\tlanguageCode: \"DE\",\r\n\t\t\t\t\tcurrencyCode: \"EUR\",\r\n\t\t\t\t\tshowLabels: true,\r\n\t\t\t\t\tshowCodes: true,\r\n\t\t\t\t\tresultsInNewTab: true,\r\n\t\t\t\t\tisRTL: false,\r\n\t\t\t\t\tdatePicker: {\r\n\t\t\t\t\tminimimNights: 1,\r\n\t\t\t\t\tminimumDate: 0,\r\n\t\t\t\t\tmonths: 2,\r\n\t\t\t\t\tformat: \"dd\/mm\/yy\",\r\n\t\t\t\t\tfillDates: true\r\n\t\t\t\t\t},\r\n\t\t\t\t\taccommodation: {\r\n\t\t\t\t\tshowEstablishments: true\r\n\t\t\t\t\t}\t\t\r\n\t\t\t\t},\r\n\t\t\t\t\r\n\t\t\t\tlanguages: {\r\n\t\t\t\t\tsearchBox: {\r\n\t\t\t\t\t\tmodules: {\r\n\t\t\t\t\t\taccommodation: {\r\n\t\t\t\t\t\testablishment: \"Hotel\",\r\n\t\t\t\t\t\tdateFrom: \"Check-in\",\r\n\t\t\t\t\t\tdateTo: \"Check-out\",\r\n\t\t\t\t\t\tnumberOfGroups: \"W\u00e4hlen Sie die gew\u00fcnschte Zimmerzahl\",\r\n\t\t\t\t\t\tnumberOfGroupsNumbers: [\"1 Zimmer\", \"2 Zimmer\", \"3 Zimmer \", \"4 Zimmer \", \"5 Zimmer \", \"6 Zimmer \", \"7 Zimmer \", \"8 Zimmer \", \"9 Zimmer \"],\r\n\t\t\t\t\t\tgroupNumbers: [\"Zimmer 1 \", \"Zimmer 2 \", \"Zimmer 3 \", \"Zimmer 4 \", \"Zimmer 5 \", \"Zimmer 6 \", \"Zimmer 7 \", \"Zimmer 8 \", \"Zimmer 9 \"],\r\n\t\t\t\t\t\tcheckAvailability: \"Jetzt Angebot suchen\",\r\n\t\t\t\t\t\tadults: \"Erwachsene\",\r\n\t\t\t\t\t\tchildren: \"Kinder\",\r\n\t\t\t\t\t\tchildrenAges: \"Alter des Kindes\",\r\n\t\t\t\t\t\tcheckAvailability: \"Verf\u00fcgbarkeit pr\u00fcfen\"\r\n\t\t\t\t\t\t\t\t}\r\n\t\t\t\t\t\t\t\t\t}\r\n\t\t\t\t\t\t\t\t\t\t}\r\n\t\t\t\t\t\t\t}\r\n            });\r\n        });\r\n    <\/script>\r\n<\/body>\r\n<\/html>\r\n\n\n\t\t<\/div>\n\t<\/div>\n<\/div><\/div><\/div><\/div><\/div><\/div><\/section><section class=\"vc_row wpb_row vc_row-fluid liquid-row-shadowbox-69f92223e9ee2\"><div class=\"ld-container container\"><div class=\"row ld-row\"><div class=\"wpb_column vc_column_container vc_col-sm-12 liquid-column-69f92223ea511\"><div class=\"vc_column-inner\"><div class=\"wpb_wrapper \"   ><div class=\"wpb_wrapper-inner\"><div class=\"vc_empty_space\"   style=\"height: 20px\"><span class=\"vc_empty_space_inner\"><\/span><\/div><\/div><\/div><\/div><\/div><\/div><\/div><\/section><\/section><\/div>[\/vc_column][\/vc_row][vc_row][vc_column][vc_empty_space][vc_separator color=&#8221;custom&#8221; border_width=&#8221;2&#8243; el_width=&#8221;10&#8243;][vc_column_text]<\/p>\n<h1 style=\"text-align: center;\">IMPRINT<\/h1>\n<p>[\/vc_column_text][\/vc_column][\/vc_row][vc_row][vc_column][vc_empty_space height=&#8221;30px&#8221;][\/vc_column][\/vc_row][vc_row][vc_column][vc_column_text]Hotel Grauer B\u00e4r | H5 Apartments<br \/>\nUniversit\u00e4tsstra\u00dfe 5-7<br \/>\n6020 Innsbruck<br \/>\nPhone : <span class=\"coloredtext\"><a href=\"tel:+4351259240\">+43 512 5924-0<\/a><\/span><br \/>\nFax : +43 512 574535<br \/>\nE-Mail : <a href=\"mailto:h5@innsbruck-hotels.at\"><span class=\"coloredtext\">h5@innsbruck-hotels.at<\/span><\/a><\/p>\n<p>Information according to E-Commerce Law:<br \/>\nCompany name: Stiebleichinger GmbH<br \/>\nRegistered office of the company: Universit\u00e4tsstra\u00dfe 5-7<br \/>\nProfessional group: Hotel industry<br \/>\nSupervisory authority: Landesgericht Innsbruck<br \/>\nMember of the Tyrolean Chamber of Commerce<br \/>\nProfessional group: Hotel industry &#8211; ATU 50013907<\/p>\n<p><strong>Image sources<\/strong><\/p>\n<p>\u00a9 Verena Hammerl<br \/>\n\u00a9 Hotel Grauer B\u00e4r, Roman Huber Photo (romanhuber.com)<br \/>\n\u00a9 Johannes Zeiler (general photos &#8211; rooms etc.)<br \/>\n\u00a9 G\u00fcnther Egger (guentheregger.at)<br \/>\n\u00a9 Innsbruck Tourismus<br \/>\n\u00a9 Unsplash.com<br \/>\n\u00a9 Hotel Grauer B\u00e4r, Fred Einkemmer<br \/>\n\u00a9 Innsbruck Tourismus \/iStock\/Alexey Pnferov, mputsylo PorFang, republica, Roxana_ro, TPopova<br \/>\n\u00a9 Hotel Grauer B\u00e4r, Gerhard Groger<br \/>\n\u00a9 Icons made by Freepik <a href=\"https:\/\/www.flaticon.com\/\" target=\"_blank\" rel=\"noopener\">www.flaticon.com<\/a><br \/>\n\u00a9 Icons made by Smashicons <a href=\"https:\/\/www.flaticon.com\/\" target=\"_blank\" rel=\"noopener\">www.flaticon.com<\/a><br \/>\n\u00a9 Icons made by smalllikeart <a href=\"https:\/\/www.flaticon.com\/\" target=\"_blank\" rel=\"noopener\">www.flaticon.com<\/a><\/p>\n<p>Hotel Grauer B\u00e4r (breakfast, restaurant, wellness, etc.)<br \/>\nGoldenes Dachl: \u00a9 Innsbruck Tourismus \/ Mario Webhofer<br \/>\nHaus der Musik: \u00a9 Innsbruck Tourismus \/ G\u00fcnther Egger<br \/>\nCity-Garage (Congress Garage): Photo by <a href=\"https:\/\/unsplash.com\/@aaronburden?utm_source=unsplash&amp;utm_medium=referral&amp;utm_content=creditCopyText\">Aaron Burden<\/a> on <a href=\"https:\/\/unsplash.com\/de\/s\/fotos\/car?utm_source=unsplash&amp;utm_medium=referral&amp;utm_content=creditCopyText\">Unsplash<\/a><br \/>\nHofgarten: \u00a9 Innsbruck Tourismus \/ Frank Heuer<br \/>\nNordkettenbahn Station Congress: \u00a9 Innsbruck Tourismus \/ Andre Sch\u00f6nherr<br \/>\nDom: \u00a9 Innsbruck Tourismus \/ Danijel Jovanovic<br \/>\nMariahilf: \u00a9 Innsbruck Tourismus \/ Frank Heuer<br \/>\nStadtturm: \u00a9 Innsbruck Tourismus \/ Edi Groeger<br \/>\nMaria-Theresien-Stra\u00dfe \/ Einkaufs- &amp; Flaniermeile: \u00a9 Innsbruck Tourismus \/ Tommy Bause<br \/>\nTriumphpforte: \u00a9 Innsbruck Tourismus \/ Kathrin Baumann<br \/>\nLandesmuseum: \u00a9 Innsbruck Tourismus \/ Markus Mair<br \/>\nLandestheater: \u00a9 Innsbruck Tourismus \/ Christof Lackner<\/p>\n<p>Web implementation: <a href=\"https:\/\/www.pulsdesign.at\" target=\"_blank\" rel=\"noopener\">PulsDesign advertising agency<\/a><\/p>\n<p><strong>Disclaimer<\/strong><\/p>\n<p><em>Content of the online offer<\/em><\/p>\n<p>For the content of the online offer Stiebleichinger GmbH assumes no responsibility for the timeliness, accuracy, completeness or quality of the information provided. Liability claims against Stiebleichinger GmbH regarding damage caused by the use of any information provided, including any kind of information which is incomplete or incorrect, will therefore be rejected unless it can be proven that the author acted with intent or gross negligence. All offers are subject to change and non-binding. Parts of the pages or the complete publication including all offers and information might be extended, changed or partly or completely deleted by Stiebleichinger GmbH without separate announcement.<\/p>\n<p><em>Copyright and Trademark Obligation<\/em><\/p>\n<p>Stiebleichinger GmbH endeavors to observe the copyrights of the graphics, sound documents, video sequences and texts used on all websites, brochures and company documents, to use graphics, sound documents, video sequences and texts created by Stiebleichinger GmbH itself or to make use of license-free graphics, sound documents, video sequences and texts. All brand names and trademarks mentioned on the website and possibly protected by third parties are subject without restriction to the provisions of the applicable trademark law and the ownership rights of the respective owners. The mere mention of a trademark does not imply that it is not protected by the rights of third parties! The copyright for any material created by Stiebleichinger GmbH is reserved. Any duplication or use of objects such as diagrams, sounds or texts in other electronic or printed publications is not permitted without Stiebleichinger GmbH&#8217;s agreement.<\/p>\n<p><em>References and links<\/em><\/p>\n<p>Stiebleichinger GmbH is not responsible for any contents linked or referred to from his pages &#8211; unless Stiebleichinger GmbH has full knowledge of illegal contents and would be able to prevent the visitors of his site from viewing those pages. Stiebleichinger GmbH hereby expressly declares that at the time the links were created, no illegal content was identifiable on the linked pages. Stiebleichinger GmbH has no influence on the current and future design, content or authorship of the linked pages. Therefore, we hereby expressly distance ourselves from all contents of all linked pages that were changed after the link was set. This statement applies to all links and references set within the own internet offer as well as to external entries in blog contributions, mailing lists and browser push notifications created by Stiebleichinger GmbH. For illegal, incorrect or incomplete contents and especially for damages resulting from the use or non-use of such information, only the provider of the linked page is liable, not the one who has linked to the respective publication.<\/p>\n<p><em>Legal validity of this disclaimer<\/em><\/p>\n<p>This disclaimer is to be regarded as part of the internet publication which you were referred from. If sections or individual terms of this statement are not legal or correct, the content or validity of the other parts remain uninfluenced by this fact.[\/vc_column_text][\/vc_column][\/vc_row]<\/p>\n<\/section>","protected":false},"excerpt":{"rendered":"IMPRINT Hotel Grauer B\u00e4r | H5 Apartments Universit\u00e4tsstra\u00dfe 5-7 6020 Innsbruck Phone : +43 512...","protected":false},"author":2,"featured_media":0,"parent":0,"menu_order":0,"comment_status":"closed","ping_status":"closed","template":"","meta":{"_acf_changed":false,"footnotes":""},"class_list":["post-419","page","type-page","status-publish","hentry"],"acf":[],"_links":{"self":[{"href":"https:\/\/h5-innsbruck.at\/en\/wp-json\/wp\/v2\/pages\/419","targetHints":{"allow":["GET"]}}],"collection":[{"href":"https:\/\/h5-innsbruck.at\/en\/wp-json\/wp\/v2\/pages"}],"about":[{"href":"https:\/\/h5-innsbruck.at\/en\/wp-json\/wp\/v2\/types\/page"}],"author":[{"embeddable":true,"href":"https:\/\/h5-innsbruck.at\/en\/wp-json\/wp\/v2\/users\/2"}],"replies":[{"embeddable":true,"href":"https:\/\/h5-innsbruck.at\/en\/wp-json\/wp\/v2\/comments?post=419"}],"version-history":[{"count":16,"href":"https:\/\/h5-innsbruck.at\/en\/wp-json\/wp\/v2\/pages\/419\/revisions"}],"predecessor-version":[{"id":2122,"href":"https:\/\/h5-innsbruck.at\/en\/wp-json\/wp\/v2\/pages\/419\/revisions\/2122"}],"wp:attachment":[{"href":"https:\/\/h5-innsbruck.at\/en\/wp-json\/wp\/v2\/media?parent=419"}],"curies":[{"name":"wp","href":"https:\/\/api.w.org\/{rel}","templated":true}]}}